{"id":22,"date":"2018-02-21T15:55:59","date_gmt":"2018-02-21T14:55:59","guid":{"rendered":"http:\/\/sv.ostschule.de\/web\/?page_id=22"},"modified":"2020-06-24T10:08:50","modified_gmt":"2020-06-24T08:08:50","slug":"impressum","status":"publish","type":"page","link":"https:\/\/sv.ostschule.de\/web\/impressum\/","title":{"rendered":"Impressum"},"content":{"rendered":"<div class=\"page-header\">\n<h2>Impressum<\/h2>\n<\/div>\n<div>\n<p>Gem\u00e4\u00df TMG\/RStV m\u00fcssen Internetpr\u00e4senzen ein Impressum aufweisen.<\/p>\n<p>V.i.S.d.P:<\/p>\n<p>Herr<\/p>\n<p>Junis Poos<\/p>\n<\/div>\n<div>\n<p>Unterst\u00fctzung:<\/p>\n<p>Herr<\/p>\n<p>Jens H\u00e4user<\/p>\n<p>und Herr<\/p>\n<p>Ralf Gutmann<\/p>\n<hr \/>\n<p>Gesamtschule Gie\u00dfen-Ost<\/p>\n<p>Alter Steinbacher Weg 28<br \/>\n35394 Gie\u00dfen<\/p>\n<p>Telefon: +49 (641) 306 30 02\/03<br \/>\nTelefax: +49 (641) 49 49 97<br \/>\nE-Mail:\u00a0<span id=\"cloak55904\"><span id=\"cloak288bc3bc82f10d79ea1d62012eac24ab\"><a href=\"mailto:poststelle@ost.giessen.schulverwaltung.hessen.de\">poststelle (at) ost.giessen.schulverwaltung.hessen.de<\/a><\/span><\/span><br \/>\nDiese E-Mail-Adresse ist vor Spambots gesch\u00fctzt! Zur Anzeige muss JavaScript eingeschaltet sein!&#8221; Internet:\u00a0<a href=\"http:\/\/www.ostschule.de\/\">www.ostschule.de<\/a><\/p>\n<h4>Schulleitung:<\/h4>\n<p>Direktor Dr. Frank Reuber<br \/>\nE-Mail:\u00a0<span id=\"cloak54041\"><span id=\"cloakdfafb989a2a4576b80b1135ee346f5b9\"><a href=\"mailto:schulleitung@ostschule.de\">schulleitung (at) ostschule.de<\/a><\/span><\/span><\/p>\n<h4>Schultr\u00e4ger:<\/h4>\n<p>Stadt Gie\u00dfen, Berliner Platz 1, 35390 Gie\u00dfen<br \/>\nTelefon: +49 (641) 306 0<br \/>\nE-Mail:\u00a0<span id=\"cloak19888\"><span id=\"cloakda3e4ab003b23764ac14bd4f43d1b598\"><a href=\"mailto:stadtgiessen@giessen.de\">stadtgiessen (at) giessen.de<\/a><\/span><\/span><\/p>\n<h4>Zust\u00e4ndige Aufsichtsbeh\u00f6rde:<\/h4>\n<p>Hessisches Kultusministerium, Luisenplatz 10, 65185 Wiesbaden<\/p>\n<hr \/>\n<h4>Inhaltlich verantwortlich gem\u00e4\u00df \u00a755 RStV:<\/h4>\n<p>Junis Poos, Dr. Frank Reuber, Jens H\u00e4user, Ralf Gutmann<\/p>\n<p>Haftungshinweis:<\/p>\n<p>Trotz sorgf\u00e4ltiger inhaltlicher Kontrolle \u00fcbernehmen wir keine Haftung f\u00fcr die Inhalte externer Links. F\u00fcr den Inhalt der verlinkten Seiten sind ausschlie\u00dflich deren Betreiber verantwortlich.<\/p>\n<p>Alle Informationen beruhen auf dem &#8220;Das Buch&#8221; und lang j\u00e4hriger Erfahrung.<\/p>\n<\/div>\n","protected":false},"excerpt":{"rendered":"<p>Impressum Gem\u00e4\u00df TMG\/RStV m\u00fcssen Internetpr\u00e4senzen ein Impressum aufweisen. V.i.S.d.P: Herr Junis Poos Unterst\u00fctzung: Herr Jens H\u00e4user und Herr Ralf Gutmann Gesamtschule Gie\u00dfen-Ost Alter Steinbacher Weg 28 35394 Gie\u00dfen Telefon: +49 &hellip; <\/p>\n<p class=\"link-more\"><a href=\"https:\/\/sv.ostschule.de\/web\/impressum\/\" class=\"more-link\"><span class=\"screen-reader-text\">\u201eImpressum\u201c<\/span> weiterlesen<\/a><\/p>\n","protected":false},"author":1,"featured_media":83,"parent":0,"menu_order":0,"comment_status":"closed","ping_status":"closed","template":"","meta":{"footnotes":""},"class_list":["post-22","page","type-page","status-publish","has-post-thumbnail","hentry"],"_links":{"self":[{"href":"https:\/\/sv.ostschule.de\/web\/wp-json\/wp\/v2\/pages\/22","targetHints":{"allow":["GET"]}}],"collection":[{"href":"https:\/\/sv.ostschule.de\/web\/wp-json\/wp\/v2\/pages"}],"about":[{"href":"https:\/\/sv.ostschule.de\/web\/wp-json\/wp\/v2\/types\/page"}],"author":[{"embeddable":true,"href":"https:\/\/sv.ostschule.de\/web\/wp-json\/wp\/v2\/users\/1"}],"replies":[{"embeddable":true,"href":"https:\/\/sv.ostschule.de\/web\/wp-json\/wp\/v2\/comments?post=22"}],"version-history":[{"count":6,"href":"https:\/\/sv.ostschule.de\/web\/wp-json\/wp\/v2\/pages\/22\/revisions"}],"predecessor-version":[{"id":1645,"href":"https:\/\/sv.ostschule.de\/web\/wp-json\/wp\/v2\/pages\/22\/revisions\/1645"}],"wp:featuredmedia":[{"embeddable":true,"href":"https:\/\/sv.ostschule.de\/web\/wp-json\/wp\/v2\/media\/83"}],"wp:attachment":[{"href":"https:\/\/sv.ostschule.de\/web\/wp-json\/wp\/v2\/media?parent=22"}],"curies":[{"name":"wp","href":"https:\/\/api.w.org\/{rel}","templated":true}]}}