{"id":276,"date":"2018-06-06T13:30:06","date_gmt":"2018-06-06T11:30:06","guid":{"rendered":"http:\/\/sv.ostschule.de\/web\/?page_id=276"},"modified":"2020-09-15T18:01:15","modified_gmt":"2020-09-15T16:01:15","slug":"projektseite-bau","status":"publish","type":"page","link":"https:\/\/sv.ostschule.de\/web\/projektseite-bau\/","title":{"rendered":"Projektseite: Bau"},"content":{"rendered":"\n<h2 class=\"wp-block-heading\">Osttrakt:<\/h2>\n\n\n\n<figure class=\"wp-block-gallery columns-2 is-cropped wp-block-gallery-1 is-layout-flex wp-block-gallery-is-layout-flex\"><ul class=\"blocks-gallery-grid\"><li class=\"blocks-gallery-item\"><figure><img loading=\"lazy\" decoding=\"async\" width=\"960\" height=\"640\" src=\"https:\/\/sv.ostschule.de\/web\/wp-content\/uploads\/2020\/09\/ost-vorne.jpg\" alt=\"\" data-id=\"1697\" data-link=\"https:\/\/sv.ostschule.de\/web\/projektseite-bau\/ost-vorne\/\" class=\"wp-image-1697\" srcset=\"https:\/\/sv.ostschule.de\/web\/wp-content\/uploads\/2020\/09\/ost-vorne.jpg 960w, https:\/\/sv.ostschule.de\/web\/wp-content\/uploads\/2020\/09\/ost-vorne-300x200.jpg 300w, https:\/\/sv.ostschule.de\/web\/wp-content\/uploads\/2020\/09\/ost-vorne-768x512.jpg 768w\" sizes=\"auto, (max-width: 767px) 89vw, (max-width: 1000px) 54vw, (max-width: 1071px) 543px, 580px\" \/><\/figure><\/li><li class=\"blocks-gallery-item\"><figure><img loading=\"lazy\" decoding=\"async\" width=\"1024\" height=\"670\" src=\"https:\/\/sv.ostschule.de\/web\/wp-content\/uploads\/2020\/09\/innenraumost-1024x670.jpg\" alt=\"\" data-id=\"1700\" data-full-url=\"https:\/\/sv.ostschule.de\/web\/wp-content\/uploads\/2020\/09\/innenraumost.jpg\" data-link=\"https:\/\/sv.ostschule.de\/web\/projektseite-bau\/innenraumost\/\" class=\"wp-image-1700\" srcset=\"https:\/\/sv.ostschule.de\/web\/wp-content\/uploads\/2020\/09\/innenraumost-1024x670.jpg 1024w, https:\/\/sv.ostschule.de\/web\/wp-content\/uploads\/2020\/09\/innenraumost-300x196.jpg 300w, https:\/\/sv.ostschule.de\/web\/wp-content\/uploads\/2020\/09\/innenraumost-768x502.jpg 768w, https:\/\/sv.ostschule.de\/web\/wp-content\/uploads\/2020\/09\/innenraumost.jpg 1098w\" sizes=\"auto, (max-width: 767px) 89vw, (max-width: 1000px) 54vw, (max-width: 1071px) 543px, 580px\" \/><\/figure><\/li><\/ul><\/figure>\n\n\n\n<p>Der Osttrakt wird im Moment umgebaut. Das Entkernen ist soweit fertig. Jetzt geht es um das Anpassen der Grundmauern. Die oberen Bilder sind Grafiken des Architekten-B\u00fcros <a href=\"http:\/\/lamott.de\/projekte\/bildung.html?proj=slider-23\">Lamott.Lamott. <\/a>Die Innenr\u00e4ume sollen nach einem offenen Lernkonzept erstellt werde. Dazu wird es bald eine Exkursion mit Sch\u00fcler*innen, Eltern und Lehrer*innen in anderen Schulen geben. Wenn ihr Ideen, Anmerkungen oder Kommentare habt, meldet euch bei <a href=\"mailto:sv@ostschule.de\">sv@ostschule.de<\/a> . <\/p>\n\n\n\n<figure class=\"wp-block-embed-youtube wp-block-embed is-type-video is-provider-youtube wp-embed-aspect-16-9 wp-has-aspect-ratio\"><div class=\"wp-block-embed__wrapper\">\n<iframe loading=\"lazy\" title=\"Bau@Ost from Above | OstschuleUnited\" width=\"525\" height=\"295\" src=\"https:\/\/www.youtube.com\/embed\/Pkfv1org64I?feature=oembed\" frameborder=\"0\" allow=\"accelerometer; autoplay; clipboard-write; encrypted-media; gyroscope; picture-in-picture; web-share\" referrerpolicy=\"strict-origin-when-cross-origin\" allowfullscreen><\/iframe>\n<\/div><\/figure>\n\n\n\n<figure class=\"wp-block-table\"><table><tbody><tr><td>07\/2019 <em>A<\/em>bgeschlossen<\/td><td>Korczak-Mensa<\/td><\/tr><tr><td>Ferien\/20-21<\/td><td>Dachsanierung B-Haus<\/td><\/tr><tr><td>1\/2020<\/td><td>Umbau Osttrakt<\/td><\/tr><tr><td>2021<\/td><td>Fertigstellung Ostfl\u00fcgel?<\/td><\/tr><\/tbody><\/table><\/figure>\n\n\n\n<h2 class=\"wp-block-heading\">Umbau OST<\/h2>\n\n\n\n<p>Falls ihr euch fragt, f\u00fcr wen die R\u00e4ume unmittelbar vor dem Osttrakt im ersten Obergeschoss sind: Einer wird der neue Raum f\u00fcr die Hausmeiser*innen und der andere wahrscheinlich der Kopierraum.<\/p>\n\n\n\n<figure class=\"wp-block-image size-large\"><img loading=\"lazy\" decoding=\"async\" width=\"1024\" height=\"576\" src=\"https:\/\/sv.ostschule.de\/web\/wp-content\/uploads\/2020\/04\/Baustelle-von-oben-1024x576.jpg\" alt=\"\" class=\"wp-image-1613\" srcset=\"https:\/\/sv.ostschule.de\/web\/wp-content\/uploads\/2020\/04\/Baustelle-von-oben-1024x576.jpg 1024w, https:\/\/sv.ostschule.de\/web\/wp-content\/uploads\/2020\/04\/Baustelle-von-oben-300x169.jpg 300w, https:\/\/sv.ostschule.de\/web\/wp-content\/uploads\/2020\/04\/Baustelle-von-oben-768x432.jpg 768w, https:\/\/sv.ostschule.de\/web\/wp-content\/uploads\/2020\/04\/Baustelle-von-oben-1536x863.jpg 1536w, https:\/\/sv.ostschule.de\/web\/wp-content\/uploads\/2020\/04\/Baustelle-von-oben.jpg 1918w\" sizes=\"auto, (max-width: 767px) 89vw, (max-width: 1000px) 54vw, (max-width: 1071px) 543px, 580px\" \/><figcaption>Die Fassade ist ab, wir sind schon fast im Rohbau.<\/figcaption><\/figure>\n\n\n\n<figure class=\"wp-block-image size-large\"><img loading=\"lazy\" decoding=\"async\" width=\"1024\" height=\"768\" src=\"https:\/\/sv.ostschule.de\/web\/wp-content\/uploads\/2020\/04\/IMG_0010-1024x768.jpg\" alt=\"\" class=\"wp-image-1620\" srcset=\"https:\/\/sv.ostschule.de\/web\/wp-content\/uploads\/2020\/04\/IMG_0010-1024x768.jpg 1024w, https:\/\/sv.ostschule.de\/web\/wp-content\/uploads\/2020\/04\/IMG_0010-300x225.jpg 300w, https:\/\/sv.ostschule.de\/web\/wp-content\/uploads\/2020\/04\/IMG_0010-768x576.jpg 768w, https:\/\/sv.ostschule.de\/web\/wp-content\/uploads\/2020\/04\/IMG_0010-1536x1152.jpg 1536w, https:\/\/sv.ostschule.de\/web\/wp-content\/uploads\/2020\/04\/IMG_0010-2048x1536.jpg 2048w\" sizes=\"auto, (max-width: 767px) 89vw, (max-width: 1000px) 54vw, (max-width: 1071px) 543px, 580px\" \/><figcaption>Auch die gro\u00dfe Treppe musste weichen<\/figcaption><\/figure>\n\n\n\n<h2 class=\"wp-block-heading\">Haus C &#8220;Modulbauweise&#8221;<\/h2>\n\n\n\n<figure class=\"wp-block-image size-large\"><img loading=\"lazy\" decoding=\"async\" width=\"1024\" height=\"768\" src=\"https:\/\/sv.ostschule.de\/web\/wp-content\/uploads\/2020\/04\/IMG_0119-1024x768.jpg\" alt=\"\" class=\"wp-image-1618\" srcset=\"https:\/\/sv.ostschule.de\/web\/wp-content\/uploads\/2020\/04\/IMG_0119-1024x768.jpg 1024w, https:\/\/sv.ostschule.de\/web\/wp-content\/uploads\/2020\/04\/IMG_0119-300x225.jpg 300w, https:\/\/sv.ostschule.de\/web\/wp-content\/uploads\/2020\/04\/IMG_0119-768x576.jpg 768w, https:\/\/sv.ostschule.de\/web\/wp-content\/uploads\/2020\/04\/IMG_0119-1536x1152.jpg 1536w, https:\/\/sv.ostschule.de\/web\/wp-content\/uploads\/2020\/04\/IMG_0119-2048x1536.jpg 2048w\" sizes=\"auto, (max-width: 767px) 89vw, (max-width: 1000px) 54vw, (max-width: 1071px) 543px, 580px\" \/><\/figure>\n\n\n\n<figure class=\"wp-block-image size-large\"><img loading=\"lazy\" decoding=\"async\" width=\"1024\" height=\"768\" src=\"https:\/\/sv.ostschule.de\/web\/wp-content\/uploads\/2020\/04\/IMG_0115-1024x768.jpg\" alt=\"\" class=\"wp-image-1619\" srcset=\"https:\/\/sv.ostschule.de\/web\/wp-content\/uploads\/2020\/04\/IMG_0115-1024x768.jpg 1024w, https:\/\/sv.ostschule.de\/web\/wp-content\/uploads\/2020\/04\/IMG_0115-300x225.jpg 300w, https:\/\/sv.ostschule.de\/web\/wp-content\/uploads\/2020\/04\/IMG_0115-768x576.jpg 768w, https:\/\/sv.ostschule.de\/web\/wp-content\/uploads\/2020\/04\/IMG_0115-1536x1152.jpg 1536w, https:\/\/sv.ostschule.de\/web\/wp-content\/uploads\/2020\/04\/IMG_0115-2048x1536.jpg 2048w\" sizes=\"auto, (max-width: 767px) 89vw, (max-width: 1000px) 54vw, (max-width: 1071px) 543px, 580px\" \/><\/figure>\n\n\n\n<figure class=\"wp-block-image\"><img loading=\"lazy\" decoding=\"async\" width=\"966\" height=\"801\" src=\"https:\/\/sv.ostschule.de\/web\/wp-content\/uploads\/2019\/11\/rv.png\" alt=\"\" class=\"wp-image-1452\" srcset=\"https:\/\/sv.ostschule.de\/web\/wp-content\/uploads\/2019\/11\/rv.png 966w, https:\/\/sv.ostschule.de\/web\/wp-content\/uploads\/2019\/11\/rv-300x249.png 300w, https:\/\/sv.ostschule.de\/web\/wp-content\/uploads\/2019\/11\/rv-768x637.png 768w\" sizes=\"auto, (max-width: 767px) 89vw, (max-width: 1000px) 54vw, (max-width: 1071px) 543px, 580px\" \/><\/figure>\n\n\n\n<h2 class=\"wp-block-heading\">Modell in der Medio<\/h2>\n\n\n\n<figure class=\"wp-block-image size-large\"><img loading=\"lazy\" decoding=\"async\" width=\"1024\" height=\"768\" src=\"https:\/\/sv.ostschule.de\/web\/wp-content\/uploads\/2020\/03\/IMG_1583-1024x768.jpg\" alt=\"\" class=\"wp-image-1557\" srcset=\"https:\/\/sv.ostschule.de\/web\/wp-content\/uploads\/2020\/03\/IMG_1583-1024x768.jpg 1024w, https:\/\/sv.ostschule.de\/web\/wp-content\/uploads\/2020\/03\/IMG_1583-300x225.jpg 300w, https:\/\/sv.ostschule.de\/web\/wp-content\/uploads\/2020\/03\/IMG_1583-768x576.jpg 768w, https:\/\/sv.ostschule.de\/web\/wp-content\/uploads\/2020\/03\/IMG_1583-1536x1152.jpg 1536w, https:\/\/sv.ostschule.de\/web\/wp-content\/uploads\/2020\/03\/IMG_1583-2048x1536.jpg 2048w\" sizes=\"auto, (max-width: 767px) 89vw, (max-width: 1000px) 54vw, (max-width: 1071px) 543px, 580px\" \/><\/figure>\n\n\n\n<p>Der Architekt des Ost-Fl\u00fcgels hat nun ein Modell gebaut. So oder so \u00e4hnlich k\u00f6nnte der Ost-Fl\u00fcgel sp\u00e4ter einmal aussehen. Ihr k\u00f6nnt euch das Modell und Modelle der Au\u00dfenfassade in der Mediothek anschauen.<\/p>\n\n\n\n<p>Was haltet ihr davon? <a href=\"https:\/\/sv.ostschule.de\/web\/kontakt-service\/\">Schreibt uns!<\/a><\/p>\n\n\n\n<figure class=\"wp-block-image size-large\"><img loading=\"lazy\" decoding=\"async\" width=\"1024\" height=\"768\" src=\"https:\/\/sv.ostschule.de\/web\/wp-content\/uploads\/2020\/03\/IMG_1586-1024x768.jpg\" alt=\"\" class=\"wp-image-1558\" srcset=\"https:\/\/sv.ostschule.de\/web\/wp-content\/uploads\/2020\/03\/IMG_1586-1024x768.jpg 1024w, https:\/\/sv.ostschule.de\/web\/wp-content\/uploads\/2020\/03\/IMG_1586-300x225.jpg 300w, https:\/\/sv.ostschule.de\/web\/wp-content\/uploads\/2020\/03\/IMG_1586-768x576.jpg 768w, https:\/\/sv.ostschule.de\/web\/wp-content\/uploads\/2020\/03\/IMG_1586-1536x1152.jpg 1536w, https:\/\/sv.ostschule.de\/web\/wp-content\/uploads\/2020\/03\/IMG_1586-2048x1536.jpg 2048w\" sizes=\"auto, (max-width: 767px) 89vw, (max-width: 1000px) 54vw, (max-width: 1071px) 543px, 580px\" \/><\/figure>\n\n\n\n<h2 class=\"wp-block-heading\">Modulbauweise<\/h2>\n\n\n\n<figure class=\"wp-block-image size-large\"><img loading=\"lazy\" decoding=\"async\" width=\"1024\" height=\"768\" src=\"https:\/\/sv.ostschule.de\/web\/wp-content\/uploads\/2020\/03\/IMG_0120-1024x768.jpg\" alt=\"\" class=\"wp-image-1555\" srcset=\"https:\/\/sv.ostschule.de\/web\/wp-content\/uploads\/2020\/03\/IMG_0120-1024x768.jpg 1024w, https:\/\/sv.ostschule.de\/web\/wp-content\/uploads\/2020\/03\/IMG_0120-300x225.jpg 300w, https:\/\/sv.ostschule.de\/web\/wp-content\/uploads\/2020\/03\/IMG_0120-768x576.jpg 768w, https:\/\/sv.ostschule.de\/web\/wp-content\/uploads\/2020\/03\/IMG_0120-1536x1152.jpg 1536w, https:\/\/sv.ostschule.de\/web\/wp-content\/uploads\/2020\/03\/IMG_0120-2048x1536.jpg 2048w\" sizes=\"auto, (max-width: 767px) 89vw, (max-width: 1000px) 54vw, (max-width: 1071px) 543px, 580px\" \/><\/figure>\n\n\n\n<p>Im Januar 2020 sind 3 Jahrg\u00e4nge (8, 9 und 11) in die Interrimsschule (Haus C) umgezogen. Diese Module, aus denen die Interrimsschule besteht, stehen an der Streuobstwiese.<\/p>\n\n\n\n<p>Drei Module ergeben einen Klassenraum, der ungef\u00e4hr so gro\u00df ist, wie die kleineren R\u00e4umen in den jetzigen Jahrg\u00e4ngen.<\/p>\n\n\n\n<p style=\"font-size:32px\"><strong>Osttrakt:<\/strong><\/p>\n\n\n\n<p style=\"font-size:15px\"><strong>Erdgeschoss:<\/strong><\/p>\n\n\n\n<p>Hier wird vor allem das Lehrerzimmer und die Schul- und Stufenleitung unter kommen<\/p>\n\n\n\n<p><strong>1. Obergeschoss:<\/strong><\/p>\n\n\n\n<p>Hier gibt es 5 Klassenr\u00e4ume(74qm) ohne T\u00fcren und einen Sonderraum mit T\u00fcr. Auf der gro\u00dfen Freifl\u00e4che einen begehbaren Innenhof.<\/p>\n\n\n\n<p><strong>2. Obergeschoss:<\/strong><\/p>\n\n\n\n<p>Hier gibt es auch 5 Klassenr\u00e4ume(74qm) ohne T\u00fcren und einen Sonderraum mit T\u00fcr. Auf der gro\u00dfen Freifl\u00e4che ist der Innenhof eher ein Lichthof, der nat\u00fcrlich nicht begehbar ist.<\/p>\n\n\n<h1><strong>Generell:<\/strong><\/h1>\n<ul>\n<li><strong>F<\/strong>\u00fcr die Unterstufe ist ein <strong>offenes&nbsp;<\/strong><strong>Raumkonzept<\/strong> vorgesehen. Dort soll der Unterricht vor allem in Projektarbeit erfolgen.<\/li>\n<\/ul>\n<h1><strong>1. Platz (Teilnehmernummer 1007)<\/strong><\/h1>\n<p>-Stuttgart-<\/p>\n<p><img loading=\"lazy\" decoding=\"async\" class=\"size-medium wp-image-449 alignright\" src=\"http:\/\/sv.ostschule.de\/web\/wp-content\/uploads\/2018\/06\/IMG_1107-300x225.jpg\" alt=\"\" width=\"300\" height=\"225\" srcset=\"https:\/\/sv.ostschule.de\/web\/wp-content\/uploads\/2018\/06\/IMG_1107-300x225.jpg 300w, https:\/\/sv.ostschule.de\/web\/wp-content\/uploads\/2018\/06\/IMG_1107-768x576.jpg 768w, https:\/\/sv.ostschule.de\/web\/wp-content\/uploads\/2018\/06\/IMG_1107-1024x768.jpg 1024w\" sizes=\"auto, (max-width: 300px) 100vw, 300px\" \/><\/p>\n<p>Ein Architekturb\u00fcro aus Stuttgart hat es geschafft &#8211; es hat den 1. Platz. Das hei\u00dft: Es bekommt erstmal nur Geld. Viel Geld. Um genau zu sein \u00fcber 40 tausend Euro. Ob es wirklich gebaut wird, entscheidet sich sp\u00e4ter.<\/p>\n<h2>Besonderheiten:<\/h2>\n<p>Es gibt keine zentralen Toiletten mehr &#8211; Sie sind dann im ganzen Geb\u00e4ude vereinzelt zu finden. Au\u00dferdem wird die Au\u00dfenfassade aus rotem Backstein sein. Die Mediothek wird sich \u00fcber 3 Etagen erstrecken, die mit mediothekinternen Treppen verbunden sind. So kann man sie auch als Flur nutzen, zumal die Mediothek auch in einer Verbindung zwischen vier Geb\u00e4uden untergebracht ist.<\/p>\n<h2>Aula\/Mensa:<\/h2>\n<p>Wie geplant, gibt es auch eine gro\u00dfe Aula, die auch als Mensa genutzt werden soll. Sie ist fast 800m\u00b2 gro\u00df und kann durch Trennw\u00e4nde 5-mal verkleinert werden.<\/p>\n<h2>Klassenr\u00e4ume:<\/h2>\n<p>Die Klassenr\u00e4ume der Unterstufe&nbsp;haben tats\u00e4chlich das offene Raumkonzept. Statt Innenw\u00e4nden gibt es vor allem Glas und nichts und es gibt &#8211; hoffentlich &#8211; viel Licht. Dennoch versperren die Teamzimmer die gro\u00dfe Glaswand.<\/p>\n<h2>SV-Raum:<\/h2>\n<p>Der SV st\u00fcnde ein 40m\u00b2 gro\u00dfer Raum und noch ein kleines B\u00fcro zu Verf\u00fcgung. Diese R\u00e4ume w\u00fcrden gegen\u00fcber der Pausenhalle und des Innenhofes liegen und w\u00e4ren ebenfalls verglast.<\/p>\n<h2><strong>Deine Idee:<\/strong><\/h2>\n<div class=\"wpforms-container wpforms-container-full\" id=\"wpforms-915\"><form id=\"wpforms-form-915\" class=\"wpforms-validate wpforms-form\" data-formid=\"915\" method=\"post\" enctype=\"multipart\/form-data\" action=\"\/web\/wp-json\/wp\/v2\/pages\/276\" data-token=\"804a6ce52feea388af184716d3fc6f3a\" data-token-time=\"1778743612\"><noscript class=\"wpforms-error-noscript\">Bitte aktiviere JavaScript in deinem Browser, um dieses Formular fertigzustellen.<\/noscript><div class=\"wpforms-field-container\"><div id=\"wpforms-915-field_1-container\" class=\"wpforms-field wpforms-field-name\" data-field-id=\"1\"><label class=\"wpforms-field-label\" for=\"wpforms-915-field_1\">Dein Name<\/label><input type=\"text\" id=\"wpforms-915-field_1\" class=\"wpforms-field-medium\" name=\"wpforms[fields][1]\" ><\/div><div id=\"wpforms-915-field_2-container\" class=\"wpforms-field wpforms-field-text\" data-field-id=\"2\"><label class=\"wpforms-field-label\" for=\"wpforms-915-field_2\">Deine Idee <span class=\"wpforms-required-label\">*<\/span><\/label><input type=\"text\" id=\"wpforms-915-field_2\" class=\"wpforms-field-medium wpforms-field-required\" name=\"wpforms[fields][2]\" required><\/div><\/div><!-- .wpforms-field-container --><div class=\"wpforms-field wpforms-field-hp\"><label for=\"wpforms-915-field-hp\" class=\"wpforms-field-label\">Comment<\/label><input type=\"text\" name=\"wpforms[hp]\" id=\"wpforms-915-field-hp\" class=\"wpforms-field-medium\"><\/div><div class=\"wpforms-submit-container\" ><input type=\"hidden\" name=\"wpforms[id]\" value=\"915\"><input type=\"hidden\" name=\"page_title\" value=\"\"><input type=\"hidden\" name=\"page_url\" value=\"https:\/\/sv.ostschule.de\/web\/wp-json\/wp\/v2\/pages\/276\"><input type=\"hidden\" name=\"url_referer\" value=\"\"><button type=\"submit\" name=\"wpforms[submit]\" id=\"wpforms-submit-915\" class=\"wpforms-submit\" data-alt-text=\"Sende...\" data-submit-text=\"Senden\" aria-live=\"assertive\" value=\"wpforms-submit\">Senden<\/button><\/div><\/form><\/div>  <!-- .wpforms-container -->","protected":false},"excerpt":{"rendered":"<p>Osttrakt: Der Osttrakt wird im Moment umgebaut. Das Entkernen ist soweit fertig. Jetzt geht es um das Anpassen der Grundmauern. Die oberen Bilder sind Grafiken des Architekten-B\u00fcros Lamott.Lamott. Die Innenr\u00e4ume &hellip; <\/p>\n<p class=\"link-more\"><a href=\"https:\/\/sv.ostschule.de\/web\/projektseite-bau\/\" class=\"more-link\"><span class=\"screen-reader-text\">\u201eProjektseite: Bau\u201c<\/span> weiterlesen<\/a><\/p>\n","protected":false},"author":2,"featured_media":281,"parent":0,"menu_order":0,"comment_status":"closed","ping_status":"closed","template":"","meta":{"footnotes":""},"class_list":["post-276","page","type-page","status-publish","has-post-thumbnail","hentry"],"_links":{"self":[{"href":"https:\/\/sv.ostschule.de\/web\/wp-json\/wp\/v2\/pages\/276","targetHints":{"allow":["GET"]}}],"collection":[{"href":"https:\/\/sv.ostschule.de\/web\/wp-json\/wp\/v2\/pages"}],"about":[{"href":"https:\/\/sv.ostschule.de\/web\/wp-json\/wp\/v2\/types\/page"}],"author":[{"embeddable":true,"href":"https:\/\/sv.ostschule.de\/web\/wp-json\/wp\/v2\/users\/2"}],"replies":[{"embeddable":true,"href":"https:\/\/sv.ostschule.de\/web\/wp-json\/wp\/v2\/comments?post=276"}],"version-history":[{"count":10,"href":"https:\/\/sv.ostschule.de\/web\/wp-json\/wp\/v2\/pages\/276\/revisions"}],"predecessor-version":[{"id":1702,"href":"https:\/\/sv.ostschule.de\/web\/wp-json\/wp\/v2\/pages\/276\/revisions\/1702"}],"wp:featuredmedia":[{"embeddable":true,"href":"https:\/\/sv.ostschule.de\/web\/wp-json\/wp\/v2\/media\/281"}],"wp:attachment":[{"href":"https:\/\/sv.ostschule.de\/web\/wp-json\/wp\/v2\/media?parent=276"}],"curies":[{"name":"wp","href":"https:\/\/api.w.org\/{rel}","templated":true}]}}